{"id":1537,"date":"2019-10-30T12:02:38","date_gmt":"2019-10-30T12:02:38","guid":{"rendered":"https:\/\/ipsoiure.com.pl\/?page_id=1537"},"modified":"2025-09-03T13:13:06","modified_gmt":"2025-09-03T13:13:06","slug":"contact","status":"publish","type":"page","link":"https:\/\/ipsoiure.com.pl\/en\/contact\/","title":{"rendered":"Contact"},"content":{"rendered":"<p>[et_pb_section fb_built=&#8221;1&#8243; admin_label=&#8221;section&#8221; module_class=&#8221;kontakt-dane&#8221; _builder_version=&#8221;4.16&#8243; global_colors_info=&#8221;{}&#8221;][et_pb_row column_structure=&#8221;1_3,1_3,1_3&#8243; _builder_version=&#8221;4.16&#8243; locked=&#8221;off&#8221; global_colors_info=&#8221;{}&#8221;][et_pb_column type=&#8221;1_3&#8243; _builder_version=&#8221;4.16&#8243; global_colors_info=&#8221;{}&#8221;][et_pb_blurb title=&#8221;MACIEJ KAPA\u0141A <i>Director of the Customer Services Department, Partner<\/i>&#8221; url=&#8221;\/zespol\/#kapala&#8221; module_class=&#8221;main-tekst kapala&#8221; _builder_version=&#8221;4.16&#8243; locked=&#8221;off&#8221; global_colors_info=&#8221;{}&#8221;]<a class=\"telefon\" href=\"tel:48508261740\">+ 48\u00a0508\u00a0261 740<\/a><a class=\"adres-mail\" href=\"mailto:kapala.m@ipsoiure.com.pl\">kapala.m@ipsoiure.com.pl<\/a>[\/et_pb_blurb][\/et_pb_column][et_pb_column type=&#8221;1_3&#8243; _builder_version=&#8221;4.16&#8243; global_colors_info=&#8221;{}&#8221;][et_pb_blurb title=&#8221;ADRIAN WANAKS<i>Partner<\/i>&#8221; url=&#8221;\/zespol\/#wanaks&#8221; module_class=&#8221;main-tekst wanaks&#8221; _builder_version=&#8221;4.16&#8243; locked=&#8221;off&#8221; global_colors_info=&#8221;{}&#8221;]<\/p>\n<p><a class=\"telefon\" href=\"tel:48798469100\">+ 48 798 469 100<\/a><a class=\"adres-mail\" href=\"mailto:wanaks.a@ipsoiure.com.pl \">wanaks.a@ipsoiure.com.pl<br \/><\/a><\/p>\n<p>[\/et_pb_blurb][\/et_pb_column][et_pb_column type=&#8221;1_3&#8243; _builder_version=&#8221;4.16&#8243; global_colors_info=&#8221;{}&#8221;][et_pb_blurb title=&#8221;JERZY ZAWADZKI <i>Partner<\/i>&#8221; url=&#8221;\/zespol\/#zawadzki&#8221; module_class=&#8221;main-tekst zawadzki&#8221; _builder_version=&#8221;4.16&#8243; locked=&#8221;off&#8221; global_colors_info=&#8221;{}&#8221;]<\/p>\n<p><a class=\"telefon\" href=\"tel:48798469105\">+ 48 798 469 105<\/a><a class=\"adres-mail\" href=\"mailto:zawadzki.j@ipsoiure.com.pl \">zawadzki.j@ipsoiure.com.pl<br \/><\/a><\/p>\n<p>[\/et_pb_blurb][\/et_pb_column][\/et_pb_row][\/et_pb_section][et_pb_section fb_built=&#8221;1&#8243; _builder_version=&#8221;4.16&#8243; background_color=&#8221;#EBEFF0&#8243; locked=&#8221;off&#8221; global_colors_info=&#8221;{}&#8221;][et_pb_row _builder_version=&#8221;4.16&#8243; custom_padding=&#8221;50px||50px||false|false&#8221; global_colors_info=&#8221;{}&#8221;][et_pb_column type=&#8221;4_4&#8243; _builder_version=&#8221;4.16&#8243; global_colors_info=&#8221;{}&#8221;][et_pb_blurb title=&#8221;TO START COOPERATION <i>contact us<\/i>&#8221; module_class=&#8221;main-tekst&#8221; _builder_version=&#8221;4.16&#8243; text_orientation=&#8221;center&#8221; custom_padding=&#8221;||0px||false|false&#8221; locked=&#8221;off&#8221; global_colors_info=&#8221;{}&#8221;][\/et_pb_blurb][et_pb_contact_form email=&#8221;kapala.m@ipsoiure.com.pl&#8221; custom_message=&#8221;Mail: %%email%%||et_pb_line_break_holder||Miasto: %%Miasto%%||et_pb_line_break_holder||||et_pb_line_break_holder||Wiadomo\u015b\u0107:||et_pb_line_break_holder||%%Message%%&#8221; module_class=&#8221;wezszy&#8221; _builder_version=&#8221;4.27.4&#8243; _unique_id=&#8221;dce3801e-671a-4af7-b7f8-c6468760ca79&#8243; form_field_background_color=&#8221;#ffffff&#8221; form_field_text_color=&#8221;#6F6F6F&#8221; hover_enabled=&#8221;0&#8243; global_colors_info=&#8221;{}&#8221; sticky_enabled=&#8221;0&#8243;][et_pb_contact_field field_id=&#8221;Email&#8221; field_title=&#8221;Email&#8221; field_type=&#8221;email&#8221; fullwidth_field=&#8221;on&#8221; _builder_version=&#8221;4.16&#8243; global_colors_info=&#8221;{}&#8221; button_text_size__hover_enabled=&#8221;off&#8221; button_one_text_size__hover_enabled=&#8221;off&#8221; button_two_text_size__hover_enabled=&#8221;off&#8221; button_text_color__hover_enabled=&#8221;off&#8221; button_one_text_color__hover_enabled=&#8221;off&#8221; button_two_text_color__hover_enabled=&#8221;off&#8221; button_border_width__hover_enabled=&#8221;off&#8221; button_one_border_width__hover_enabled=&#8221;off&#8221; button_two_border_width__hover_enabled=&#8221;off&#8221; button_border_color__hover_enabled=&#8221;off&#8221; button_one_border_color__hover_enabled=&#8221;off&#8221; button_two_border_color__hover_enabled=&#8221;off&#8221; button_border_radius__hover_enabled=&#8221;off&#8221; button_one_border_radius__hover_enabled=&#8221;off&#8221; button_two_border_radius__hover_enabled=&#8221;off&#8221; button_letter_spacing__hover_enabled=&#8221;off&#8221; button_one_letter_spacing__hover_enabled=&#8221;off&#8221; button_two_letter_spacing__hover_enabled=&#8221;off&#8221; button_bg_color__hover_enabled=&#8221;off&#8221; button_one_bg_color__hover_enabled=&#8221;off&#8221; button_two_bg_color__hover_enabled=&#8221;off&#8221;][\/et_pb_contact_field][et_pb_contact_field field_id=&#8221;Miasto&#8221; field_title=&#8221;City&#8221; fullwidth_field=&#8221;on&#8221; _builder_version=&#8221;4.16&#8243; global_colors_info=&#8221;{}&#8221;][\/et_pb_contact_field][et_pb_contact_field field_id=&#8221;Message&#8221; field_title=&#8221;Brief description of your case&#8221; field_type=&#8221;text&#8221; fullwidth_field=&#8221;on&#8221; _builder_version=&#8221;4.16&#8243; global_colors_info=&#8221;{}&#8221; button_text_size__hover_enabled=&#8221;off&#8221; button_one_text_size__hover_enabled=&#8221;off&#8221; button_two_text_size__hover_enabled=&#8221;off&#8221; button_text_color__hover_enabled=&#8221;off&#8221; button_one_text_color__hover_enabled=&#8221;off&#8221; button_two_text_color__hover_enabled=&#8221;off&#8221; button_border_width__hover_enabled=&#8221;off&#8221; button_one_border_width__hover_enabled=&#8221;off&#8221; button_two_border_width__hover_enabled=&#8221;off&#8221; button_border_color__hover_enabled=&#8221;off&#8221; button_one_border_color__hover_enabled=&#8221;off&#8221; button_two_border_color__hover_enabled=&#8221;off&#8221; button_border_radius__hover_enabled=&#8221;off&#8221; button_one_border_radius__hover_enabled=&#8221;off&#8221; button_two_border_radius__hover_enabled=&#8221;off&#8221; button_letter_spacing__hover_enabled=&#8221;off&#8221; button_one_letter_spacing__hover_enabled=&#8221;off&#8221; button_two_letter_spacing__hover_enabled=&#8221;off&#8221; button_bg_color__hover_enabled=&#8221;off&#8221; button_one_bg_color__hover_enabled=&#8221;off&#8221; button_two_bg_color__hover_enabled=&#8221;off&#8221;][\/et_pb_contact_field][et_pb_contact_field field_id=&#8221;Field_4&#8243; field_type=&#8221;checkbox&#8221; checkbox_options=&#8221;%91{%22value%22:%22I consent to the processing of personal data for the purpose of providing answers%22,%22checked%22:0,%22dragID%22:-1}%93&#8243; fullwidth_field=&#8221;on&#8221; _builder_version=&#8221;4.16&#8243; global_colors_info=&#8221;{}&#8221;][\/et_pb_contact_field][\/et_pb_contact_form][\/et_pb_column][\/et_pb_row][\/et_pb_section][et_pb_section fb_built=&#8221;1&#8243; admin_label=&#8221;section&#8221; module_class=&#8221;kontakt-dane&#8221; _builder_version=&#8221;4.16&#8243; global_colors_info=&#8221;{}&#8221;][et_pb_row column_structure=&#8221;1_2,1_2&#8243; _builder_version=&#8221;4.16&#8243; global_colors_info=&#8221;{}&#8221;][et_pb_column type=&#8221;1_2&#8243; _builder_version=&#8221;4.16&#8243; global_colors_info=&#8221;{}&#8221;][et_pb_text module_class=&#8221;jedna-usluga&#8221; _builder_version=&#8221;4.16&#8243; global_colors_info=&#8221;{}&#8221;]<\/p>\n<h1>WARSAW<\/h1>\n<h3><i>IPSO IURE Liberski Kita Ambroziak Majewska<br \/>\nSp\u00f3\u0142ka komandytowa <\/i><\/h3>\n<div class=\"adres-fizyczny\">ul. \u0141omia\u0144ska 5a, 01-685 Warszawa\n<\/div>\n<div class=\"telefon\">+ 48 22 833 07 10<br \/>\n+ 48 22 833 81 10\n<\/div>\n<div class=\"adres-mail\">sekretariat@ipsoiure.com.pl\n<\/div>\n<p>[\/et_pb_text][et_pb_blurb title=&#8221;RAFA\u0141 MALI\u0143SKI <i>Director of the Warsaw Branch<\/i>&#8221; module_class=&#8221;main-tekst malinski&#8221; _builder_version=&#8221;4.16&#8243; global_colors_info=&#8221;{}&#8221;]<a class=\"telefon\" href=\"tel:48798469102\">+ 48 798 469 102<\/a><a class=\"adres-mail\" href=\"mailto:malinski.r@ipsoiure.com.pl\n\">malinski.r@ipsoiure.com.pl<br \/>\n<\/a><\/p>\n<p>NIP 1182084309<br \/>\nREGON  146095 556[\/et_pb_blurb][\/et_pb_column][et_pb_column type=&#8221;1_2&#8243; _builder_version=&#8221;4.16&#8243; global_colors_info=&#8221;{}&#8221;][et_pb_image src=&#8221;https:\/\/ipsoiure.com.pl\/wp-content\/uploads\/2019\/10\/2019-10-30_1334.png&#8221; url=&#8221;https:\/\/www.google.com\/maps?ll=52.280058,20.96946&#038;z=15&#038;t=m&#038;hl=pl&#038;gl=PL&#038;mapclient=embed&#038;cid=15010674311870198191&#8243; url_new_window=&#8221;on&#8221; _builder_version=&#8221;4.16&#8243; global_colors_info=&#8221;{}&#8221;][\/et_pb_image][\/et_pb_column][\/et_pb_row][et_pb_row column_structure=&#8221;1_2,1_2&#8243; _builder_version=&#8221;4.16&#8243; global_colors_info=&#8221;{}&#8221;][et_pb_column type=&#8221;1_2&#8243; _builder_version=&#8221;4.16&#8243; global_colors_info=&#8221;{}&#8221;][et_pb_text module_class=&#8221;jedna-usluga&#8221; _builder_version=&#8221;4.16&#8243; global_colors_info=&#8221;{}&#8221;]<\/p>\n<h1>POZNA\u0143<\/h1>\n<h3><i>IPSO IURE Liberski Kita Ambroziak Majewska<br \/>\nSp\u00f3lka komandytowa <\/i><\/h3>\n<div class=\"adres-fizyczny\">ul. Muszy\u0144ska 9, 60-471 Pozna\u0144\n<\/div>\n<div class=\"adres-mail\">sekretariat@ipsoiure.com.pl\n<\/div>\n<p>[\/et_pb_text][et_pb_blurb title=&#8221;TOMASZ KITA <i>Director of the Warsaw Branch<\/i>&#8221; module_class=&#8221;main-tekst kita&#8221; _builder_version=&#8221;4.16&#8243; global_colors_info=&#8221;{}&#8221;]<\/p>\n<div class=\"telefon\">+48 798 469 166\n<\/div>\n<div class=\"adres-mail\"><a href=\"mailto:kita.t@ipsoiure.com.pl\">kita.t@ipsoiure.com.pl<\/a><\/div>\n<div class=\"informacje\">KRS 0000418221<br \/>\nNIP 1182084309<br \/>\nREGON  146095 556\n<\/div>\n<p>[\/et_pb_blurb][\/et_pb_column][et_pb_column type=&#8221;1_2&#8243; _builder_version=&#8221;4.16&#8243; global_colors_info=&#8221;{}&#8221;][et_pb_image src=&#8221;https:\/\/ipsoiure.com.pl\/wp-content\/uploads\/2019\/10\/2019-10-30_1334_001.png&#8221; url=&#8221;https:\/\/www.google.com\/maps?ll=52.451936,16.877091&#038;z=17&#038;t=m&#038;hl=pl&#038;gl=PL&#038;mapclient=embed&#038;q=Muszy%C5%84ska+9+60-471+Pozna%C5%84&#8243; url_new_window=&#8221;on&#8221; _builder_version=&#8221;4.16&#8243; global_colors_info=&#8221;{}&#8221;][\/et_pb_image][\/et_pb_column][\/et_pb_row][\/et_pb_section]<\/p>\n","protected":false},"excerpt":{"rendered":"<p>+ 48\u00a0508\u00a0261 740kapala.m@ipsoiure.com.pl+ 48 798 469 100wanaks.a@ipsoiure.com.pl+ 48 798 469 105zawadzki.j@ipsoiure.com.plWARSAW IPSO IURE Liberski Kita Ambroziak Majewska Sp\u00f3\u0142ka komandytowa ul. \u0141omia\u0144ska 5a, 01-685 Warszawa + 48 22 833 07 10 + 48 22 833 81 10 sekretariat@ipsoiure.com.pl + 48 798 469 102malinski.r@ipsoiure.com.pl NIP 1182084309 REGON 146095 556POZNA\u0143 IPSO IURE Liberski Kita Ambroziak Majewska Sp\u00f3lka komandytowa [&hellip;]<\/p>\n","protected":false},"author":1,"featured_media":0,"parent":0,"menu_order":0,"comment_status":"closed","ping_status":"closed","template":"","meta":{"_et_pb_use_builder":"on","_et_pb_old_content":"","_et_gb_content_width":"","inline_featured_image":false,"footnotes":""},"class_list":["post-1537","page","type-page","status-publish","hentry"],"yoast_head":"<!-- This site is optimized with the Yoast SEO plugin v21.5 - https:\/\/yoast.com\/wordpress\/plugins\/seo\/ -->\n<title>Contact - Ipso Iure<\/title>\n<meta name=\"robots\" content=\"index, follow, max-snippet:-1, max-image-preview:large, max-video-preview:-1\" \/>\n<link rel=\"canonical\" href=\"https:\/\/ipsoiure.com.pl\/en\/contact\/\" \/>\n<meta property=\"og:locale\" content=\"en_US\" \/>\n<meta property=\"og:type\" content=\"article\" \/>\n<meta property=\"og:title\" content=\"Contact - Ipso Iure\" \/>\n<meta property=\"og:description\" content=\"+ 48\u00a0508\u00a0261 740kapala.m@ipsoiure.com.pl+ 48 798 469 100wanaks.a@ipsoiure.com.pl+ 48 798 469 105zawadzki.j@ipsoiure.com.plWARSAW IPSO IURE Liberski Kita Ambroziak Majewska Sp\u00f3\u0142ka komandytowa ul. \u0141omia\u0144ska 5a, 01-685 Warszawa + 48 22 833 07 10 + 48 22 833 81 10 sekretariat@ipsoiure.com.pl + 48 798 469 102malinski.r@ipsoiure.com.pl NIP 1182084309 REGON 146095 556POZNA\u0143 IPSO IURE Liberski Kita Ambroziak Majewska Sp\u00f3lka komandytowa [&hellip;]\" \/>\n<meta property=\"og:url\" content=\"https:\/\/ipsoiure.com.pl\/en\/contact\/\" \/>\n<meta property=\"og:site_name\" content=\"Ipso Iure\" \/>\n<meta property=\"article:modified_time\" content=\"2025-09-03T13:13:06+00:00\" \/>\n<meta name=\"twitter:card\" content=\"summary_large_image\" \/>\n<meta name=\"twitter:label1\" content=\"Est. reading time\" \/>\n\t<meta name=\"twitter:data1\" content=\"5 minutes\" \/>\n<script type=\"application\/ld+json\" class=\"yoast-schema-graph\">{\"@context\":\"https:\/\/schema.org\",\"@graph\":[{\"@type\":\"WebPage\",\"@id\":\"https:\/\/ipsoiure.com.pl\/en\/contact\/\",\"url\":\"https:\/\/ipsoiure.com.pl\/en\/contact\/\",\"name\":\"Contact - Ipso Iure\",\"isPartOf\":{\"@id\":\"https:\/\/ipsoiure.com.pl\/en\/#website\"},\"datePublished\":\"2019-10-30T12:02:38+00:00\",\"dateModified\":\"2025-09-03T13:13:06+00:00\",\"breadcrumb\":{\"@id\":\"https:\/\/ipsoiure.com.pl\/en\/contact\/#breadcrumb\"},\"inLanguage\":\"en-US\",\"potentialAction\":[{\"@type\":\"ReadAction\",\"target\":[\"https:\/\/ipsoiure.com.pl\/en\/contact\/\"]}]},{\"@type\":\"BreadcrumbList\",\"@id\":\"https:\/\/ipsoiure.com.pl\/en\/contact\/#breadcrumb\",\"itemListElement\":[{\"@type\":\"ListItem\",\"position\":1,\"name\":\"Strona g\u0142\u00f3wna\",\"item\":\"https:\/\/ipsoiure.com.pl\/en\/\"},{\"@type\":\"ListItem\",\"position\":2,\"name\":\"Contact\"}]},{\"@type\":\"WebSite\",\"@id\":\"https:\/\/ipsoiure.com.pl\/en\/#website\",\"url\":\"https:\/\/ipsoiure.com.pl\/en\/\",\"name\":\"Ipso Iure\",\"description\":\"kancelaria prawna\",\"potentialAction\":[{\"@type\":\"SearchAction\",\"target\":{\"@type\":\"EntryPoint\",\"urlTemplate\":\"https:\/\/ipsoiure.com.pl\/en\/?s={search_term_string}\"},\"query-input\":\"required name=search_term_string\"}],\"inLanguage\":\"en-US\"}]}<\/script>\n<!-- \/ Yoast SEO plugin. -->","yoast_head_json":{"title":"Contact - Ipso Iure","robots":{"index":"index","follow":"follow","max-snippet":"max-snippet:-1","max-image-preview":"max-image-preview:large","max-video-preview":"max-video-preview:-1"},"canonical":"https:\/\/ipsoiure.com.pl\/en\/contact\/","og_locale":"en_US","og_type":"article","og_title":"Contact - Ipso Iure","og_description":"+ 48\u00a0508\u00a0261 740kapala.m@ipsoiure.com.pl+ 48 798 469 100wanaks.a@ipsoiure.com.pl+ 48 798 469 105zawadzki.j@ipsoiure.com.plWARSAW IPSO IURE Liberski Kita Ambroziak Majewska Sp\u00f3\u0142ka komandytowa ul. \u0141omia\u0144ska 5a, 01-685 Warszawa + 48 22 833 07 10 + 48 22 833 81 10 sekretariat@ipsoiure.com.pl + 48 798 469 102malinski.r@ipsoiure.com.pl NIP 1182084309 REGON 146095 556POZNA\u0143 IPSO IURE Liberski Kita Ambroziak Majewska Sp\u00f3lka komandytowa [&hellip;]","og_url":"https:\/\/ipsoiure.com.pl\/en\/contact\/","og_site_name":"Ipso Iure","article_modified_time":"2025-09-03T13:13:06+00:00","twitter_card":"summary_large_image","twitter_misc":{"Est. reading time":"5 minutes"},"schema":{"@context":"https:\/\/schema.org","@graph":[{"@type":"WebPage","@id":"https:\/\/ipsoiure.com.pl\/en\/contact\/","url":"https:\/\/ipsoiure.com.pl\/en\/contact\/","name":"Contact - Ipso Iure","isPartOf":{"@id":"https:\/\/ipsoiure.com.pl\/en\/#website"},"datePublished":"2019-10-30T12:02:38+00:00","dateModified":"2025-09-03T13:13:06+00:00","breadcrumb":{"@id":"https:\/\/ipsoiure.com.pl\/en\/contact\/#breadcrumb"},"inLanguage":"en-US","potentialAction":[{"@type":"ReadAction","target":["https:\/\/ipsoiure.com.pl\/en\/contact\/"]}]},{"@type":"BreadcrumbList","@id":"https:\/\/ipsoiure.com.pl\/en\/contact\/#breadcrumb","itemListElement":[{"@type":"ListItem","position":1,"name":"Strona g\u0142\u00f3wna","item":"https:\/\/ipsoiure.com.pl\/en\/"},{"@type":"ListItem","position":2,"name":"Contact"}]},{"@type":"WebSite","@id":"https:\/\/ipsoiure.com.pl\/en\/#website","url":"https:\/\/ipsoiure.com.pl\/en\/","name":"Ipso Iure","description":"kancelaria prawna","potentialAction":[{"@type":"SearchAction","target":{"@type":"EntryPoint","urlTemplate":"https:\/\/ipsoiure.com.pl\/en\/?s={search_term_string}"},"query-input":"required name=search_term_string"}],"inLanguage":"en-US"}]}},"_links":{"self":[{"href":"https:\/\/ipsoiure.com.pl\/en\/wp-json\/wp\/v2\/pages\/1537","targetHints":{"allow":["GET"]}}],"collection":[{"href":"https:\/\/ipsoiure.com.pl\/en\/wp-json\/wp\/v2\/pages"}],"about":[{"href":"https:\/\/ipsoiure.com.pl\/en\/wp-json\/wp\/v2\/types\/page"}],"author":[{"embeddable":true,"href":"https:\/\/ipsoiure.com.pl\/en\/wp-json\/wp\/v2\/users\/1"}],"replies":[{"embeddable":true,"href":"https:\/\/ipsoiure.com.pl\/en\/wp-json\/wp\/v2\/comments?post=1537"}],"version-history":[{"count":18,"href":"https:\/\/ipsoiure.com.pl\/en\/wp-json\/wp\/v2\/pages\/1537\/revisions"}],"predecessor-version":[{"id":1908,"href":"https:\/\/ipsoiure.com.pl\/en\/wp-json\/wp\/v2\/pages\/1537\/revisions\/1908"}],"wp:attachment":[{"href":"https:\/\/ipsoiure.com.pl\/en\/wp-json\/wp\/v2\/media?parent=1537"}],"curies":[{"name":"wp","href":"https:\/\/api.w.org\/{rel}","templated":true}]}}