{"id":1409,"date":"2019-10-25T07:42:23","date_gmt":"2019-10-25T07:42:23","guid":{"rendered":"https:\/\/ipsoiure.com.pl\/accounting\/"},"modified":"2024-04-16T13:48:22","modified_gmt":"2024-04-16T13:48:22","slug":"accounting","status":"publish","type":"page","link":"https:\/\/ipsoiure.com.pl\/en\/accounting\/","title":{"rendered":"Accounting"},"content":{"rendered":"<p>[et_pb_section fb_built=&#8221;1&#8243; custom_padding_last_edited=&#8221;on|desktop&#8221; _builder_version=&#8221;4.16&#8243; custom_padding=&#8221;60px||||false|false&#8221; custom_padding_tablet=&#8221;&#8221; custom_padding_phone=&#8221;10px||||false|false&#8221; global_colors_info=&#8221;{}&#8221;][et_pb_row column_structure=&#8221;1_2,1_2&#8243; _builder_version=&#8221;4.16&#8243; background_color=&#8221;rgba(0,0,0,0)&#8221; global_colors_info=&#8221;{}&#8221;][et_pb_column type=&#8221;1_2&#8243; _builder_version=&#8221;4.16&#8243; global_colors_info=&#8221;{}&#8221;][et_pb_text module_class=&#8221;jedna-usluga&#8221; _builder_version=&#8221;4.16&#8243; global_colors_info=&#8221;{}&#8221;]<\/p>\n<h1>Accounting <i>HR and payroll<\/i><\/h1>\n<p>We provide full and comprehensive accounting, human-resources, and payroll services for each Company in the form of a Revenue and Expenditure Ledger or in the form of Accounting Ledgers (so-called \u201cComprehensive Bookkeeping\u201d) and full human-resources and payroll services for your employees and associates. We are prepared to provide services to any Company, regardless of the industry, size, and number of employees\/associates. We can prepare an individual solution for you, tailored to your needs. More information on  <a href=\"http:\/\/www.ipsofinanse.pl\/\" target=\"_blank\" rel=\"noopener noreferrer\">www.ipsofinanse.pl<\/a> .<\/p>\n<p>[\/et_pb_text][\/et_pb_column][et_pb_column type=&#8221;1_2&#8243; module_class=&#8221;w-prawo-hop&#8221; _builder_version=&#8221;4.16&#8243; background_color=&#8221;#F8F8F9&#8243; global_colors_info=&#8221;{}&#8221;][et_pb_blurb title=&#8221;SYLWIA HERONIMEK <i>Member of the Management Board Ipso Finanse sp. z o.o.<\/i>&#8221; module_class=&#8221;main-tekst wasowska&#8221; _builder_version=&#8221;4.23.1&#8243; custom_padding_tablet=&#8221;&#8221; custom_padding_phone=&#8221;||||false|false&#8221; custom_padding_last_edited=&#8221;on|desktop&#8221; animation_style=&#8221;fade&#8221; hover_enabled=&#8221;0&#8243; locked=&#8221;off&#8221; global_colors_info=&#8221;{}&#8221; sticky_enabled=&#8221;0&#8243;]<a class=\"telefon\" href=\"tel:48798006101\">+48 798 006 101<\/a><a class=\"adres-mail\" href=\"mailto:heronimek.s@ipsofinanse.com.pl\">heronimek.s@ipsofinanse.com.pl<\/a>[\/et_pb_blurb][et_pb_blurb title=&#8221;MACIEJ KAPA\u0141A <i>Director of the Customer Services Department, Partner<\/i>&#8221; url=&#8221;\/?page_id=99#kapala&#8221; module_class=&#8221;main-tekst kapala&#8221; _builder_version=&#8221;4.16&#8243; custom_padding_tablet=&#8221;&#8221; custom_padding_phone=&#8221;||||false|false&#8221; custom_padding_last_edited=&#8221;on|desktop&#8221; animation_style=&#8221;fade&#8221; locked=&#8221;off&#8221; global_colors_info=&#8221;{}&#8221;]<a class=\"telefon\" href=\"tel:48508261740\">+ 48\u00a0508\u00a0261 740<\/a><a class=\"adres-mail\" href=\"mailto:kapala.m@ipsoiure.com.pl\">kapala.m@ipsoiure.com.pl<\/a>[\/et_pb_blurb][\/et_pb_column][\/et_pb_row][\/et_pb_section][et_pb_section fb_built=&#8221;1&#8243; _builder_version=&#8221;4.16&#8243; locked=&#8221;off&#8221; global_colors_info=&#8221;{}&#8221;][et_pb_row _builder_version=&#8221;4.16&#8243; locked=&#8221;off&#8221; global_colors_info=&#8221;{}&#8221;][et_pb_column type=&#8221;4_4&#8243; _builder_version=&#8221;4.16&#8243; global_colors_info=&#8221;{}&#8221;][et_pb_blurb title=&#8221;OUR UNIQUE QUALITIES&#8221; module_class=&#8221;main-tekst zakres-tekst dziwna-tabela&#8221; _builder_version=&#8221;4.16&#8243; custom_padding=&#8221;||0px||false|false&#8221; custom_padding_tablet=&#8221;&#8221; custom_padding_phone=&#8221;||||false|false&#8221; custom_padding_last_edited=&#8221;on|desktop&#8221; locked=&#8221;off&#8221; global_colors_info=&#8221;{}&#8221;][\/et_pb_blurb][\/et_pb_column][\/et_pb_row][et_pb_row column_structure=&#8221;1_4,3_4&#8243; use_custom_gutter=&#8221;on&#8221; gutter_width=&#8221;2&#8243; _builder_version=&#8221;4.16&#8243; global_colors_info=&#8221;{}&#8221;][et_pb_column type=&#8221;1_4&#8243; _builder_version=&#8221;4.16&#8243; global_colors_info=&#8221;{}&#8221;][et_pb_image src=&#8221;https:\/\/ipsoiure.com.pl\/wp-content\/uploads\/2019\/09\/nadzor.png&#8221; align=&#8221;right&#8221; module_class=&#8221;zakres-iko&#8221; _builder_version=&#8221;4.16&#8243; animation_style=&#8221;slide&#8221; animation_direction=&#8221;left&#8221; global_colors_info=&#8221;{}&#8221;][\/et_pb_image][\/et_pb_column][et_pb_column type=&#8221;3_4&#8243; _builder_version=&#8221;4.16&#8243; global_colors_info=&#8221;{}&#8221;][et_pb_blurb title=&#8221;SUBSTANTIVE SUPERVISION <i>By Tax Advisors<\/i>&#8221; module_class=&#8221;main-tekst zakres-tekst&#8221; _builder_version=&#8221;4.16&#8243; custom_padding_tablet=&#8221;&#8221; custom_padding_phone=&#8221;||||false|false&#8221; custom_padding_last_edited=&#8221;on|desktop&#8221; locked=&#8221;off&#8221; global_colors_info=&#8221;{}&#8221;]<\/p>\n<p>Including, additionally, the possibility for you to benefit from consultation with a Tax Advisor under the terms and conditions of agreements on accounting, human-resources, and payroll services<\/p>\n<p>[\/et_pb_blurb][\/et_pb_column][\/et_pb_row][et_pb_row column_structure=&#8221;1_4,3_4&#8243; use_custom_gutter=&#8221;on&#8221; gutter_width=&#8221;2&#8243; _builder_version=&#8221;4.16&#8243; global_colors_info=&#8221;{}&#8221;][et_pb_column type=&#8221;1_4&#8243; _builder_version=&#8221;4.16&#8243; global_colors_info=&#8221;{}&#8221;][et_pb_image src=&#8221;https:\/\/ipsoiure.com.pl\/wp-content\/uploads\/2019\/09\/multidyscyplinarnosc.png&#8221; align=&#8221;right&#8221; module_class=&#8221;zakres-iko&#8221; _builder_version=&#8221;4.16&#8243; animation_style=&#8221;slide&#8221; animation_direction=&#8221;left&#8221; global_colors_info=&#8221;{}&#8221;][\/et_pb_image][\/et_pb_column][et_pb_column type=&#8221;3_4&#8243; _builder_version=&#8221;4.16&#8243; global_colors_info=&#8221;{}&#8221;][et_pb_blurb title=&#8221;MULTIDISCIPLINARITY <i>Accounting and Law, Taxes, and Debt Collection, all in one place<\/i>&#8221; module_class=&#8221;main-tekst zakres-tekst&#8221; _builder_version=&#8221;4.16&#8243; custom_padding_tablet=&#8221;&#8221; custom_padding_phone=&#8221;||||false|false&#8221; custom_padding_last_edited=&#8221;on|desktop&#8221; locked=&#8221;off&#8221; global_colors_info=&#8221;{}&#8221;]You can use a number of services in one place, e.g. consultation with a tax advisor, legal advice from an attorney or a legal advisor, or debt collection services. Many of our Clients appreciate the convenience of such a solution![\/et_pb_blurb][\/et_pb_column][\/et_pb_row][\/et_pb_section][et_pb_section fb_built=&#8221;1&#8243; _builder_version=&#8221;4.16&#8243; global_colors_info=&#8221;{}&#8221;][et_pb_row column_structure=&#8221;1_2,1_2&#8243; _builder_version=&#8221;4.16&#8243; width=&#8221;100%&#8221; max_width=&#8221;1600px&#8221; custom_padding=&#8221;40px||0px||false|false&#8221; locked=&#8221;off&#8221; global_colors_info=&#8221;{}&#8221;][et_pb_column type=&#8221;1_2&#8243; _builder_version=&#8221;4.16&#8243; global_colors_info=&#8221;{}&#8221;][et_pb_image src=&#8221;https:\/\/ipsoiure.com.pl\/wp-content\/uploads\/2019\/10\/accounting.png&#8221; url=&#8221;mailto:kapala.m@ipsoiure.com.pl?&#038;subject=Pro\u015bba%20o%20przes\u0142anie%20ankiety&#038;body=%20Prosz\u0119%20o%20przes\u0142anie%20bezp\u0142atnej%20ankiety%20w\/s%20obs\u0142ugi%20ksi\u0119gowej&#8221; module_class=&#8221;nie-margin-dol&#8221; _builder_version=&#8221;4.16&#8243; custom_margin_tablet=&#8221;&#8221; custom_margin_phone=&#8221;&#8221; custom_margin_last_edited=&#8221;on|desktop&#8221; custom_padding=&#8221;||||false|false&#8221; animation_style=&#8221;slide&#8221; animation_direction=&#8221;left&#8221; global_colors_info=&#8221;{}&#8221;][\/et_pb_image][\/et_pb_column][et_pb_column type=&#8221;1_2&#8243; _builder_version=&#8221;4.16&#8243; global_colors_info=&#8221;{}&#8221;][et_pb_blurb module_class=&#8221;main-tekst po-prawej&#8221; _builder_version=&#8221;4.16&#8243; custom_padding=&#8221;0px||||false|false&#8221; custom_padding_tablet=&#8221;&#8221; custom_padding_phone=&#8221;0px||||false|false&#8221; custom_padding_last_edited=&#8221;on|phone&#8221; global_colors_info=&#8221;{}&#8221;]<\/p>\n<p>If you have your own internal accounting, or you already use external accounting, HR, and payroll services, and do not want to abandon them, our Accounting Department and Tax Advisory Department can prove to be significant substantive support for you, your Accountants, Human Resources Officers, and other staff, and a supplement in the selected field, e.g. through the possibility of obtaining advice or an opinion by a Tax Advisor on current issues raising substantive doubts.<\/p>\n<p>[\/et_pb_blurb][\/et_pb_column][\/et_pb_row][\/et_pb_section]<\/p>\n","protected":false},"excerpt":{"rendered":"<p>Accounting HR and payroll We provide full and comprehensive accounting, human-resources, and payroll services for each Company in the form of a Revenue and Expenditure Ledger or in the form of Accounting Ledgers (so-called \u201cComprehensive Bookkeeping\u201d) and full human-resources and payroll services for your employees and associates. We are prepared to provide services to any [&hellip;]<\/p>\n","protected":false},"author":2,"featured_media":0,"parent":0,"menu_order":0,"comment_status":"closed","ping_status":"closed","template":"","meta":{"_et_pb_use_builder":"on","_et_pb_old_content":"","_et_gb_content_width":"","inline_featured_image":false,"footnotes":""},"class_list":["post-1409","page","type-page","status-publish","hentry"],"yoast_head":"<!-- This site is optimized with the Yoast SEO plugin v21.5 - https:\/\/yoast.com\/wordpress\/plugins\/seo\/ -->\n<title>Accounting - Ipso Iure<\/title>\n<meta name=\"robots\" content=\"index, follow, max-snippet:-1, max-image-preview:large, max-video-preview:-1\" \/>\n<link rel=\"canonical\" href=\"https:\/\/ipsoiure.com.pl\/en\/accounting\/\" \/>\n<meta property=\"og:locale\" content=\"en_US\" \/>\n<meta property=\"og:type\" content=\"article\" \/>\n<meta property=\"og:title\" content=\"Accounting - Ipso Iure\" \/>\n<meta property=\"og:description\" content=\"Accounting HR and payroll We provide full and comprehensive accounting, human-resources, and payroll services for each Company in the form of a Revenue and Expenditure Ledger or in the form of Accounting Ledgers (so-called \u201cComprehensive Bookkeeping\u201d) and full human-resources and payroll services for your employees and associates. We are prepared to provide services to any [&hellip;]\" \/>\n<meta property=\"og:url\" content=\"https:\/\/ipsoiure.com.pl\/en\/accounting\/\" \/>\n<meta property=\"og:site_name\" content=\"Ipso Iure\" \/>\n<meta property=\"article:modified_time\" content=\"2024-04-16T13:48:22+00:00\" \/>\n<meta name=\"twitter:card\" content=\"summary_large_image\" \/>\n<meta name=\"twitter:label1\" content=\"Est. reading time\" \/>\n\t<meta name=\"twitter:data1\" content=\"5 minutes\" \/>\n<script type=\"application\/ld+json\" class=\"yoast-schema-graph\">{\"@context\":\"https:\/\/schema.org\",\"@graph\":[{\"@type\":\"WebPage\",\"@id\":\"https:\/\/ipsoiure.com.pl\/en\/accounting\/\",\"url\":\"https:\/\/ipsoiure.com.pl\/en\/accounting\/\",\"name\":\"Accounting - Ipso Iure\",\"isPartOf\":{\"@id\":\"https:\/\/ipsoiure.com.pl\/en\/#website\"},\"datePublished\":\"2019-10-25T07:42:23+00:00\",\"dateModified\":\"2024-04-16T13:48:22+00:00\",\"breadcrumb\":{\"@id\":\"https:\/\/ipsoiure.com.pl\/en\/accounting\/#breadcrumb\"},\"inLanguage\":\"en-US\",\"potentialAction\":[{\"@type\":\"ReadAction\",\"target\":[\"https:\/\/ipsoiure.com.pl\/en\/accounting\/\"]}]},{\"@type\":\"BreadcrumbList\",\"@id\":\"https:\/\/ipsoiure.com.pl\/en\/accounting\/#breadcrumb\",\"itemListElement\":[{\"@type\":\"ListItem\",\"position\":1,\"name\":\"Strona g\u0142\u00f3wna\",\"item\":\"https:\/\/ipsoiure.com.pl\/en\/\"},{\"@type\":\"ListItem\",\"position\":2,\"name\":\"Accounting\"}]},{\"@type\":\"WebSite\",\"@id\":\"https:\/\/ipsoiure.com.pl\/en\/#website\",\"url\":\"https:\/\/ipsoiure.com.pl\/en\/\",\"name\":\"Ipso Iure\",\"description\":\"kancelaria prawna\",\"potentialAction\":[{\"@type\":\"SearchAction\",\"target\":{\"@type\":\"EntryPoint\",\"urlTemplate\":\"https:\/\/ipsoiure.com.pl\/en\/?s={search_term_string}\"},\"query-input\":\"required name=search_term_string\"}],\"inLanguage\":\"en-US\"}]}<\/script>\n<!-- \/ Yoast SEO plugin. -->","yoast_head_json":{"title":"Accounting - Ipso Iure","robots":{"index":"index","follow":"follow","max-snippet":"max-snippet:-1","max-image-preview":"max-image-preview:large","max-video-preview":"max-video-preview:-1"},"canonical":"https:\/\/ipsoiure.com.pl\/en\/accounting\/","og_locale":"en_US","og_type":"article","og_title":"Accounting - Ipso Iure","og_description":"Accounting HR and payroll We provide full and comprehensive accounting, human-resources, and payroll services for each Company in the form of a Revenue and Expenditure Ledger or in the form of Accounting Ledgers (so-called \u201cComprehensive Bookkeeping\u201d) and full human-resources and payroll services for your employees and associates. We are prepared to provide services to any [&hellip;]","og_url":"https:\/\/ipsoiure.com.pl\/en\/accounting\/","og_site_name":"Ipso Iure","article_modified_time":"2024-04-16T13:48:22+00:00","twitter_card":"summary_large_image","twitter_misc":{"Est. reading time":"5 minutes"},"schema":{"@context":"https:\/\/schema.org","@graph":[{"@type":"WebPage","@id":"https:\/\/ipsoiure.com.pl\/en\/accounting\/","url":"https:\/\/ipsoiure.com.pl\/en\/accounting\/","name":"Accounting - Ipso Iure","isPartOf":{"@id":"https:\/\/ipsoiure.com.pl\/en\/#website"},"datePublished":"2019-10-25T07:42:23+00:00","dateModified":"2024-04-16T13:48:22+00:00","breadcrumb":{"@id":"https:\/\/ipsoiure.com.pl\/en\/accounting\/#breadcrumb"},"inLanguage":"en-US","potentialAction":[{"@type":"ReadAction","target":["https:\/\/ipsoiure.com.pl\/en\/accounting\/"]}]},{"@type":"BreadcrumbList","@id":"https:\/\/ipsoiure.com.pl\/en\/accounting\/#breadcrumb","itemListElement":[{"@type":"ListItem","position":1,"name":"Strona g\u0142\u00f3wna","item":"https:\/\/ipsoiure.com.pl\/en\/"},{"@type":"ListItem","position":2,"name":"Accounting"}]},{"@type":"WebSite","@id":"https:\/\/ipsoiure.com.pl\/en\/#website","url":"https:\/\/ipsoiure.com.pl\/en\/","name":"Ipso Iure","description":"kancelaria prawna","potentialAction":[{"@type":"SearchAction","target":{"@type":"EntryPoint","urlTemplate":"https:\/\/ipsoiure.com.pl\/en\/?s={search_term_string}"},"query-input":"required name=search_term_string"}],"inLanguage":"en-US"}]}},"_links":{"self":[{"href":"https:\/\/ipsoiure.com.pl\/en\/wp-json\/wp\/v2\/pages\/1409","targetHints":{"allow":["GET"]}}],"collection":[{"href":"https:\/\/ipsoiure.com.pl\/en\/wp-json\/wp\/v2\/pages"}],"about":[{"href":"https:\/\/ipsoiure.com.pl\/en\/wp-json\/wp\/v2\/types\/page"}],"author":[{"embeddable":true,"href":"https:\/\/ipsoiure.com.pl\/en\/wp-json\/wp\/v2\/users\/2"}],"replies":[{"embeddable":true,"href":"https:\/\/ipsoiure.com.pl\/en\/wp-json\/wp\/v2\/comments?post=1409"}],"version-history":[{"count":4,"href":"https:\/\/ipsoiure.com.pl\/en\/wp-json\/wp\/v2\/pages\/1409\/revisions"}],"predecessor-version":[{"id":1870,"href":"https:\/\/ipsoiure.com.pl\/en\/wp-json\/wp\/v2\/pages\/1409\/revisions\/1870"}],"wp:attachment":[{"href":"https:\/\/ipsoiure.com.pl\/en\/wp-json\/wp\/v2\/media?parent=1409"}],"curies":[{"name":"wp","href":"https:\/\/api.w.org\/{rel}","templated":true}]}}